{"id":90,"date":"2012-10-14T15:57:07","date_gmt":"2012-10-14T13:57:07","guid":{"rendered":"http:\/\/bincweb.nl\/?page_id=90"},"modified":"2015-08-11T21:51:33","modified_gmt":"2015-08-11T19:51:33","slug":"freelancers-en-zzp-ers","status":"publish","type":"page","link":"https:\/\/bincweb.nl\/fr\/portfolio\/freelancers-en-zzp-ers\/","title":{"rendered":"Auto-entrepreneurs"},"content":{"rendered":"<p><\/p>\n<h4>Pour r\u00e9duire les co\u00fbts de d\u00e9marrage Binc emploie des taux favorables pour les auto-entrepreneurs et les travailleurs ind\u00e9pendants.<\/h4>\n<table>\n<tbody>\n<tr>\n<td style=\"text-align: left;\"><a href=\"http:\/\/bincweb.nl\/portfolio\/yogawandelweek-wordpress-com\/\" rel=\"attachment wp-att-72\"><img decoding=\"async\" loading=\"lazy\" class=\"alignleft size-thumbnail wp-image-72\" title=\"yogawandelweek.wordpress.com\" src=\"http:\/\/bincweb.nl\/wp-content\/uploads\/yogawandelweek.wordpress.com_-150x150.jpg\" alt=\"\" width=\"150\" height=\"150\" \/><\/a>Un site web sur wordpress gratuit pour un <strong>professeur de yoga<\/strong><\/p>\n<address>Technique: wordpress<\/address>\n<p><a href=\"http:\/\/yogawandelweek.wordpress.com\" target=\"_blank\">http:\/\/yogawandelweek.wordpress.com<\/a><\/td>\n<\/tr>\n<tr>\n<td style=\"text-align: left;\"><a href=\"http:\/\/bincweb.nl\/portfolio\/hellenbraun-nl\/\" rel=\"attachment wp-att-54\"><img decoding=\"async\" loading=\"lazy\" class=\"alignleft size-thumbnail wp-image-54\" title=\"hellenbraun.nl\" src=\"http:\/\/bincweb.nl\/wp-content\/uploads\/hellenbraun.nl_-150x150.jpg\" alt=\"\" width=\"150\" height=\"150\" \/><\/a>Con\u00e7ue par le <strong>graphiste<\/strong>, construit par Binc<\/p>\n<address>Technique: html en css<\/address>\n<p><a href=\"http:\/\/hellenbraun.nl\" target=\"_blank\">http:\/\/hellenbraun.nl<\/a><\/td>\n<\/tr>\n<tr>\n<td style=\"text-align: left;\"><a href=\"http:\/\/bincweb.nl\/portfolio\/hechtingsproblemen-nl\/\" rel=\"attachment wp-att-53\"><img decoding=\"async\" loading=\"lazy\" class=\"alignleft size-thumbnail wp-image-53\" title=\"hechtingsproblemen.nl\" src=\"http:\/\/bincweb.nl\/wp-content\/uploads\/hechtingsproblemen.nl_-150x150.jpg\" alt=\"\" width=\"150\" height=\"150\" \/><\/a>Un site internet pour <strong>une autorit\u00e9 dans le domaine des probl\u00e8mes d&rsquo;adh\u00e9rence<\/strong><\/p>\n<address>Technique: wordpress<\/address>\n<p><a href=\"http:\/\/hechtingsproblemen.nl\" target=\"_blank\">http:\/\/hechtingsproblemen.nl<\/a><\/td>\n<\/tr>\n<tr>\n<td style=\"text-align: left;\"><a href=\"http:\/\/bincweb.nl\/portfolio\/antondeverteller-nl\/\" rel=\"attachment wp-att-39\"><img decoding=\"async\" loading=\"lazy\" class=\"alignleft size-thumbnail wp-image-39\" title=\"antondeverteller.nl\" src=\"http:\/\/bincweb.nl\/wp-content\/uploads\/antondeverteller.nl_-150x150.jpg\" alt=\"\" width=\"150\" height=\"150\" \/><\/a>Un petit syst\u00e8me de gestion de contenu pour <strong>un conteur<\/strong><\/p>\n<address>Technique: wordpress<\/address>\n<p><a href=\"http:\/\/antondeverteller.nl\" target=\"_blank\">http:\/\/antondeverteller.nl<\/a><\/td>\n<\/tr>\n<tr>\n<td style=\"text-align: left;\"><a href=\"http:\/\/bincweb.nl\/portfolio\/eigenspoor-nl\/\" rel=\"attachment wp-att-51\"><img decoding=\"async\" loading=\"lazy\" class=\"alignleft size-thumbnail wp-image-51\" title=\"eigenspoor.nl\" src=\"http:\/\/bincweb.nl\/wp-content\/uploads\/eigenspoor.nl_-150x150.jpg\" alt=\"\" width=\"150\" height=\"150\" \/><\/a>Un syst\u00e8me de gestion de contenu auto-construit pour un <strong>entra\u00eeneur de marche<\/strong><\/p>\n<address>Technique: php, mysql, html, css<\/address>\n<p><a href=\"http:\/\/eigenspoor.nl\" target=\"_blank\">http:\/\/eigenspoor.nl<\/a><\/td>\n<\/tr>\n<tr>\n<td style=\"text-align: left;\"><strong><a href=\"http:\/\/bincweb.nl\/portfolio\/bureaujpo-nl\/\" rel=\"attachment wp-att-44\"><img decoding=\"async\" loading=\"lazy\" class=\"alignleft size-thumbnail wp-image-44\" title=\"bureaujpo.nl\" src=\"http:\/\/bincweb.nl\/wp-content\/uploads\/bureaujpo.nl_-150x150.jpg\" alt=\"\" width=\"150\" height=\"150\" \/><\/a><\/strong>Un site web pour un <strong>bureau de l&rsquo;\u00e9ducation en mati\u00e8re juridique<\/strong><\/p>\n<address>Technique: Google sites<\/address>\n<p><a href=\"http:\/\/bureaujpo.nl\" target=\"_blank\">http:\/\/bureaujpo.nl<\/a><\/td>\n<\/tr>\n<tr>\n<td style=\"text-align: left;\"><a href=\"http:\/\/bincweb.nl\/portfolio\/bemoved-bincweb-nl\/\" rel=\"attachment wp-att-42\"><img decoding=\"async\" loading=\"lazy\" class=\"alignleft size-thumbnail wp-image-42\" title=\"bemoved.bincweb.nl\" src=\"http:\/\/bincweb.nl\/wp-content\/uploads\/bemoved.bincweb.nl_-150x150.jpg\" alt=\"\" width=\"150\" height=\"150\" \/><\/a>Un site web avec un syst\u00e8me de gestion de contenu pour un <strong>coach haptonomique<\/strong><\/p>\n<address>Technique: php, mysql, html, css<\/address>\n<p><a href=\"http:\/\/bemoved.bincweb.nl\" target=\"_blank\">http:\/\/bemoved.bincweb.nl<\/a><\/td>\n<\/tr>\n<tr>\n<td style=\"text-align: left;\"><a href=\"http:\/\/bincweb.nl\/portfolio\/seconduire-nl\/\" rel=\"attachment wp-att-64\"><img decoding=\"async\" loading=\"lazy\" class=\"alignleft size-thumbnail wp-image-64\" title=\"seconduire.nl\" src=\"http:\/\/bincweb.nl\/wp-content\/uploads\/seconduire.nl_-150x150.jpg\" alt=\"\" width=\"150\" height=\"150\" \/><\/a>Un site pour une <strong>bureau de recherche<\/strong><\/p>\n<address>Technique: html, css<\/address>\n<p><a href=\"http:\/\/seconduire.nl\" target=\"_blank\">http:\/\/seconduire.nl<\/a><\/td>\n<\/tr>\n<tr>\n<td style=\"text-align: left;\"><a href=\"http:\/\/bincweb.nl\/portfolio\/hoebentugeholpen-nl\/\" rel=\"attachment wp-att-55\"><img decoding=\"async\" loading=\"lazy\" class=\"alignleft size-thumbnail wp-image-55\" title=\"hoebentugeholpen.nl\" src=\"http:\/\/bincweb.nl\/wp-content\/uploads\/hoebentugeholpen.nl_-150x150.jpg\" alt=\"\" width=\"150\" height=\"150\" \/><\/a>Des <strong>conseils de qualit\u00e9<\/strong> se rapproche par\u00a0ce site<\/p>\n<address>Technique: wordpress<\/address>\n<p><a href=\"http:\/\/hoebentugeholpen.nl\" target=\"_blank\">http:\/\/hoebentugeholpen.nl<\/a><\/td>\n<\/tr>\n<tr>\n<td style=\"text-align: left;\"><a href=\"http:\/\/bincweb.nl\/portfolio\/rene5rhythms-com\/\" rel=\"attachment wp-att-62\"><img decoding=\"async\" loading=\"lazy\" class=\"alignleft size-thumbnail wp-image-62\" title=\"rene5rhythms.com\" src=\"http:\/\/bincweb.nl\/wp-content\/uploads\/rene5rhythms.com_-150x150.jpg\" alt=\"\" width=\"150\" height=\"150\" \/><\/a>Dansez dans les 5 Rhythms avec\u00a0ce site<\/p>\n<address>Technique: wordpress<\/address>\n<p><a href=\"http:\/\/rene5rhythms.com\" target=\"_blank\">http:\/\/rene5rhythms.com<\/a><\/td>\n<\/tr>\n<tr>\n<td style=\"text-align: left;\"><a href=\"http:\/\/bincweb.nl\/portfolio\/lienlien-nl\/\" rel=\"attachment wp-att-57\"><img decoding=\"async\" loading=\"lazy\" class=\"alignleft size-thumbnail wp-image-57\" title=\"lienlien.nl\" src=\"http:\/\/bincweb.nl\/wp-content\/uploads\/lienlien.nl_-150x150.jpg\" alt=\"\" width=\"150\" height=\"150\" \/><\/a>Un mini syst\u00e8me de gestion de contenu auto-construit pour un <strong>acupuncteur<\/strong><\/p>\n<address>Technique: php, mysql, html, css<\/address>\n<p><a href=\"http:\/\/lienlien.nl\" target=\"_blank\">http:\/\/lienlien.nl<\/a><\/td>\n<\/tr>\n<tr>\n<td style=\"text-align: left;\"><a href=\"http:\/\/bincweb.nl\/portfolio\/overhetvoetlicht-nl\/\" rel=\"attachment wp-att-60\"><img decoding=\"async\" loading=\"lazy\" class=\"alignleft size-thumbnail wp-image-60\" title=\"overhetvoetlicht.nl\" src=\"http:\/\/bincweb.nl\/wp-content\/uploads\/overhetvoetlicht.nl_-150x150.jpg\" alt=\"\" width=\"150\" height=\"150\" \/><\/a>Un site web pour\u00a0une <strong>coach de pr\u00e9sentation<\/strong><\/p>\n<address>Technique: html, css<\/address>\n<p><a href=\"http:\/\/overhetvoetlicht.nl\" target=\"_blank\">http:\/\/overhetvoetlicht.nl<\/a><\/td>\n<\/tr>\n<\/tbody>\n<\/table>\n<p><\/p>","protected":false},"excerpt":{"rendered":"<p>Pour r\u00e9duire les co\u00fbts de d\u00e9marrage Binc emploie des taux favorables pour les auto-entrepreneurs et les travailleurs ind\u00e9pendants. Un site web sur wordpress gratuit pour un professeur de yoga Technique: wordpress http:\/\/yogawandelweek.wordpress.com Con\u00e7ue par le graphiste, construit par Binc Technique: html en css http:\/\/hellenbraun.nl Un site internet pour une autorit\u00e9 &#8230;<\/p>\n","protected":false},"author":1,"featured_media":0,"parent":15,"menu_order":20,"comment_status":"closed","ping_status":"closed","template":"","meta":[],"_links":{"self":[{"href":"https:\/\/bincweb.nl\/fr\/wp-json\/wp\/v2\/pages\/90"}],"collection":[{"href":"https:\/\/bincweb.nl\/fr\/wp-json\/wp\/v2\/pages"}],"about":[{"href":"https:\/\/bincweb.nl\/fr\/wp-json\/wp\/v2\/types\/page"}],"author":[{"embeddable":true,"href":"https:\/\/bincweb.nl\/fr\/wp-json\/wp\/v2\/users\/1"}],"replies":[{"embeddable":true,"href":"https:\/\/bincweb.nl\/fr\/wp-json\/wp\/v2\/comments?post=90"}],"version-history":[{"count":21,"href":"https:\/\/bincweb.nl\/fr\/wp-json\/wp\/v2\/pages\/90\/revisions"}],"predecessor-version":[{"id":268,"href":"https:\/\/bincweb.nl\/fr\/wp-json\/wp\/v2\/pages\/90\/revisions\/268"}],"up":[{"embeddable":true,"href":"https:\/\/bincweb.nl\/fr\/wp-json\/wp\/v2\/pages\/15"}],"wp:attachment":[{"href":"https:\/\/bincweb.nl\/fr\/wp-json\/wp\/v2\/media?parent=90"}],"curies":[{"name":"wp","href":"https:\/\/api.w.org\/{rel}","templated":true}]}}