{"id":76,"date":"2012-10-14T14:36:23","date_gmt":"2012-10-14T12:36:23","guid":{"rendered":"http:\/\/bincweb.nl\/?page_id=76"},"modified":"2015-08-11T21:50:28","modified_gmt":"2015-08-11T19:50:28","slug":"musici","status":"publish","type":"page","link":"https:\/\/bincweb.nl\/fr\/portfolio\/musici\/","title":{"rendered":"Musiciens"},"content":{"rendered":"<p><\/p>\n<h4>Binc offre aux jeunes musiciens dipl\u00f4m\u00e9s un site de base pour 100 euros.<\/h4>\n<table>\n<tbody>\n<tr>\n<td style=\"text-align: left;\"><a href=\"http:\/\/aafjevangemert.nl\/\" rel=\"attachment wp-att-30\"><img decoding=\"async\" loading=\"lazy\" class=\"alignleft  wp-image-30\" title=\"aafjevangemert.nl\" src=\"http:\/\/bincweb.nl\/wp-content\/uploads\/aafjevangemert.nl_-150x150.jpg\" alt=\"\" width=\"150\" height=\"150\" \/><\/a>Un mini syst\u00e8me de gestion de contenu personnalis\u00e9 pour une <strong>pianiste<\/strong><\/p>\n<address>Technique: php en mysql<\/address>\n<p><a href=\"http:\/\/aafjevangemert.nl\" target=\"_blank\">http:\/\/aafjevangemert.nl<\/a><\/td>\n<\/tr>\n<tr>\n<td style=\"text-align: left;\"><a href=\"http:\/\/ariadneverstegen.nl\/\" rel=\"attachment wp-att-40\"><img decoding=\"async\" loading=\"lazy\" class=\"alignleft size-thumbnail wp-image-40\" title=\"ariadneverstegen.nl\" src=\"http:\/\/bincweb.nl\/wp-content\/uploads\/ariadneverstegen.nl_-150x150.jpg\" alt=\"\" width=\"150\" height=\"150\" \/><\/a>Un site con\u00e7u individuellement pour un <strong>pianiste<\/strong><\/p>\n<address>Technique: wordpress<\/address>\n<p><a href=\" http:\/\/ariadneverstegen.nl\" target=\"_blank\">http:\/\/ariadneverstegen.nl<\/a><\/td>\n<\/tr>\n<tr>\n<td style=\"text-align: left;\"><a href=\"http:\/\/arrianneschipper.nl\/\" rel=\"attachment wp-att-41\"><img decoding=\"async\" loading=\"lazy\" class=\"alignleft  wp-image-41\" title=\"arrianneschipper.nl\" src=\"http:\/\/bincweb.nl\/wp-content\/uploads\/arrianneschipper.nl_-150x150.jpg\" alt=\"\" width=\"150\" height=\"150\" \/><\/a>Un site typique pour une <strong>harpiste<\/strong><\/p>\n<address>Technique: wordpress<\/address>\n<p><a href=\"http:\/\/arrianneschipper.nl\" target=\"_blank\">http:\/\/arrianneschipper.nl<\/a><\/td>\n<\/tr>\n<\/tbody>\n<\/table>\n<p><\/p>","protected":false},"excerpt":{"rendered":"<p>Binc offre aux jeunes musiciens dipl\u00f4m\u00e9s un site de base pour 100 euros. Un mini syst\u00e8me de gestion de contenu personnalis\u00e9 pour une pianiste Technique: php en mysql http:\/\/aafjevangemert.nl Un site con\u00e7u individuellement pour un pianiste Technique: wordpress http:\/\/ariadneverstegen.nl Un site typique pour une harpiste Technique: wordpress http:\/\/arrianneschipper.nl<\/p>\n","protected":false},"author":1,"featured_media":0,"parent":15,"menu_order":10,"comment_status":"closed","ping_status":"closed","template":"","meta":[],"_links":{"self":[{"href":"https:\/\/bincweb.nl\/fr\/wp-json\/wp\/v2\/pages\/76"}],"collection":[{"href":"https:\/\/bincweb.nl\/fr\/wp-json\/wp\/v2\/pages"}],"about":[{"href":"https:\/\/bincweb.nl\/fr\/wp-json\/wp\/v2\/types\/page"}],"author":[{"embeddable":true,"href":"https:\/\/bincweb.nl\/fr\/wp-json\/wp\/v2\/users\/1"}],"replies":[{"embeddable":true,"href":"https:\/\/bincweb.nl\/fr\/wp-json\/wp\/v2\/comments?post=76"}],"version-history":[{"count":22,"href":"https:\/\/bincweb.nl\/fr\/wp-json\/wp\/v2\/pages\/76\/revisions"}],"predecessor-version":[{"id":267,"href":"https:\/\/bincweb.nl\/fr\/wp-json\/wp\/v2\/pages\/76\/revisions\/267"}],"up":[{"embeddable":true,"href":"https:\/\/bincweb.nl\/fr\/wp-json\/wp\/v2\/pages\/15"}],"wp:attachment":[{"href":"https:\/\/bincweb.nl\/fr\/wp-json\/wp\/v2\/media?parent=76"}],"curies":[{"name":"wp","href":"https:\/\/api.w.org\/{rel}","templated":true}]}}