{"id":2,"date":"2012-10-13T21:31:04","date_gmt":"2012-10-13T19:31:04","guid":{"rendered":"http:\/\/bincweb.nl\/?page_id=2"},"modified":"2015-11-21T14:30:30","modified_gmt":"2015-11-21T13:30:30","slug":"home","status":"publish","type":"page","link":"https:\/\/bincweb.nl\/fr\/","title":{"rendered":"Accueil"},"content":{"rendered":"<p>Binc est comment je travaille sur la conception et la r\u00e9alisation de sites Web. Binc n&rsquo;est pas la seule entreprise faisant cela.<\/p>\n<p>Ce qui rend Binc unique est la communication claire sur les questions techniques complexes. Vous expliquez ce que vous voulez et je vais le traduire en une offre claire ou de pr\u00e9f\u00e9rence dans un prototype donc nous voir tous les deux ce que nous parlons. Travailler comme \u00e7a, je peux rapidement transformer vos id\u00e9es en un produit concret.<\/p>\n<p>Une autre chose qui d\u00e9finit Binc c\u00f4t\u00e9 est la balise de mes services de prix. Je ne suis pas au volant d&rsquo;une voiture rapide et ne pas vendre de l&rsquo;air chaud. Si je me sens impliqu\u00e9 dans un projet, vous pouvez compter sur l&rsquo;enthousiasme, l&rsquo;engagement et la pens\u00e9e pro-active. A beaucoup de d\u00e9vouement pour un prix raisonnable.<\/p>\n<p><a href=\"http:\/\/bincweb.nl\/portfolio\/\">V\u00e9rifiez le portefeuille de voir quels projets ont \u00e9t\u00e9 men\u00e9es avec succ\u00e8s cette fa\u00e7on.<\/a><\/p>\n<p>.<\/p>","protected":false},"excerpt":{"rendered":"<p>Binc est comment je travaille sur la conception et la r\u00e9alisation de sites Web. Binc n&rsquo;est pas la seule entreprise faisant cela. Ce qui rend Binc unique est la communication claire sur les questions techniques complexes. Vous expliquez ce que vous voulez et je vais le traduire en une offre &#8230;<\/p>\n","protected":false},"author":1,"featured_media":0,"parent":0,"menu_order":10,"comment_status":"closed","ping_status":"closed","template":"","meta":[],"_links":{"self":[{"href":"https:\/\/bincweb.nl\/fr\/wp-json\/wp\/v2\/pages\/2"}],"collection":[{"href":"https:\/\/bincweb.nl\/fr\/wp-json\/wp\/v2\/pages"}],"about":[{"href":"https:\/\/bincweb.nl\/fr\/wp-json\/wp\/v2\/types\/page"}],"author":[{"embeddable":true,"href":"https:\/\/bincweb.nl\/fr\/wp-json\/wp\/v2\/users\/1"}],"replies":[{"embeddable":true,"href":"https:\/\/bincweb.nl\/fr\/wp-json\/wp\/v2\/comments?post=2"}],"version-history":[{"count":20,"href":"https:\/\/bincweb.nl\/fr\/wp-json\/wp\/v2\/pages\/2\/revisions"}],"predecessor-version":[{"id":270,"href":"https:\/\/bincweb.nl\/fr\/wp-json\/wp\/v2\/pages\/2\/revisions\/270"}],"wp:attachment":[{"href":"https:\/\/bincweb.nl\/fr\/wp-json\/wp\/v2\/media?parent=2"}],"curies":[{"name":"wp","href":"https:\/\/api.w.org\/{rel}","templated":true}]}}