{"id":15,"date":"2012-10-13T23:54:43","date_gmt":"2012-10-13T21:54:43","guid":{"rendered":"http:\/\/bincweb.nl\/?page_id=15"},"modified":"2015-08-10T20:14:11","modified_gmt":"2015-08-10T18:14:11","slug":"portfolio","status":"publish","type":"page","link":"https:\/\/bincweb.nl\/fr\/portfolio\/","title":{"rendered":"Portefeuille"},"content":{"rendered":"<p>Les sites present\u00e9s ici\u00a0sont cre\u00e9 en Hollandais ou Anglais, mais bien-sur Binc aussi fait des sites en Francais.<\/p>\n<table>\n<tbody>\n<tr>\n<td><a href=\"\/portfolio\/musici\" rel=\"attachment wp-att-36\"><img decoding=\"async\" loading=\"lazy\" class=\"alignleft size-medium wp-image-36\" title=\"aafjevangemert.nl\" src=\"http:\/\/bincweb.nl\/wp-content\/uploads\/aafjevangemert.nl_1-300x205.jpg\" alt=\"\" width=\"300\" height=\"205\" srcset=\"https:\/\/bincweb.nl\/wp-content\/uploads\/aafjevangemert.nl_1-300x205.jpg 300w, https:\/\/bincweb.nl\/wp-content\/uploads\/aafjevangemert.nl_1.jpg 365w\" sizes=\"(max-width: 300px) 100vw, 300px\" \/><\/a><\/p>\n<h3>Musiciens<\/h3>\n<p>Binc offre aux jeunes musiciens dipl\u00f4m\u00e9s un site de base pour 100 euros.<\/p>\n<p><a title=\"Musici\" href=\"http:\/\/bincweb.nl\/musici\/\">Regardez des exemples ici.<\/a><\/td>\n<\/tr>\n<tr>\n<td><a href=\"http:\/\/bincweb.nl\/portfolio\/yogawandelweek-wordpress-com\/\" rel=\"attachment wp-att-72\"><img decoding=\"async\" loading=\"lazy\" class=\"alignleft size-full wp-image-72\" title=\"yogawandelweek.wordpress.com\" src=\"http:\/\/bincweb.nl\/wp-content\/uploads\/yogawandelweek.wordpress.com_.jpg\" alt=\"\" width=\"300\" height=\"250\" \/><\/a><\/p>\n<h3>Auto-entrepreneurs<\/h3>\n<p>Pour r\u00e9duire les co\u00fbts de d\u00e9marrage Binc emploie des taux favorables pour les\u00a0<span style=\"font-family: 'Open Sans', sans-serif;\"><span style=\"font-size: 15px; letter-spacing: normal; line-height: 24.2999992370605px;\">auto-entrepreneurs<\/span><\/span> et les travailleurs ind\u00e9pendants.<\/p>\n<p><a title=\"Freelancers en ZZP-ers\" href=\"http:\/\/bincweb.nl\/portfolio\/freelancers-en-zzp-ers\/\">Regardez des exemples ici.<\/a><\/td>\n<\/tr>\n<tr>\n<td>\n<h3>Petites et moyennes entreprises<span style=\"font-family: 'Open Sans', sans-serif;\"><span style=\"font-size: 15px; letter-spacing: normal; line-height: 24.2999992370605px;\"><a href=\"http:\/\/bincweb.nl\/portfolio\/sinestra-ch-2\/\" rel=\"attachment wp-att-65\"><img decoding=\"async\" loading=\"lazy\" class=\"alignleft size-full wp-image-65\" title=\"sinestra.ch\" src=\"http:\/\/bincweb.nl\/wp-content\/uploads\/sinestra.ch_1.jpg\" alt=\"\" width=\"300\" height=\"250\" \/><\/a><\/span><\/span><\/h3>\n<p>Une solution professionnelle pour la pr\u00e9sentation de votre entreprise sur le web.<\/p>\n<p><a title=\"Midden- en kleinbedrijf\" href=\"http:\/\/bincweb.nl\/portfolio\/midden-en-kleinbedrijf\/\">Regardez des exemples ici.<\/a><\/td>\n<\/tr>\n<tr>\n<td><a href=\"http:\/\/bincweb.nl\/portfolio\/www-cwi-nl\/\" rel=\"attachment wp-att-71\"><img decoding=\"async\" loading=\"lazy\" class=\"alignleft size-full wp-image-71\" title=\"www.cwi.nl\" src=\"http:\/\/bincweb.nl\/wp-content\/uploads\/www.cwi_.nl_.jpg\" alt=\"\" width=\"300\" height=\"250\" \/><\/a><\/p>\n<h3>Education et science<\/h3>\n<p>Binc poss\u00e8de une vaste exp\u00e9rience dans le monde de l&rsquo;\u00e9ducation et de la science.<\/p>\n<p><a title=\"Onderwijs en Wetenschap\" href=\"http:\/\/bincweb.nl\/portfolio\/onderwijs-en-wetenschap\/\">Regardez des exemples ici.<\/a><\/td>\n<\/tr>\n<tr>\n<td><a href=\"http:\/\/bincweb.nl\/portfolio\/eetmee-nl\/\" rel=\"attachment wp-att-50\"><img decoding=\"async\" loading=\"lazy\" class=\"alignleft size-full wp-image-50\" title=\"eetmee.nl\" src=\"http:\/\/bincweb.nl\/wp-content\/uploads\/eetmee.nl_.jpg\" alt=\"\" width=\"300\" height=\"250\" \/><\/a><\/p>\n<h3>ASBL<\/h3>\n<p>Surtout les organisations \u00e0 but non lucratif et avec un budget limit\u00e9 sont bienvenus \u00e0 Binc.<\/p>\n<p><a title=\"Welzijn\" href=\"http:\/\/bincweb.nl\/portfolio\/welzijn\/\">Regardez des exemples ici.<\/a><\/td>\n<\/tr>\n<tr>\n<td><a href=\"http:\/\/bincweb.nl\/portfolio\/europacantat-nl-2\/\" rel=\"attachment wp-att-52\"><img decoding=\"async\" loading=\"lazy\" class=\"alignleft size-full wp-image-52\" title=\"europacantat.nl\" src=\"http:\/\/bincweb.nl\/wp-content\/uploads\/europacantat.nl_1.jpg\" alt=\"\" width=\"300\" height=\"250\" \/><\/a><\/p>\n<h3>Autres<\/h3>\n<p>Avez-vous une association, un projet ou un festival? Binc vous montre la voie \u00e0 une pr\u00e9sence Web efficace.<\/p>\n<p><a title=\"Overig\" href=\"http:\/\/bincweb.nl\/portfolio\/overig\/\">Regardez des exemples ici.<\/a><\/td>\n<\/tr>\n<\/tbody>\n<\/table>\n<p><\/p>","protected":false},"excerpt":{"rendered":"<p>Les sites present\u00e9s ici\u00a0sont cre\u00e9 en Hollandais ou Anglais, mais bien-sur Binc aussi fait des sites en Francais. Musiciens Binc offre aux jeunes musiciens dipl\u00f4m\u00e9s un site de base pour 100 euros. Regardez des exemples ici. Auto-entrepreneurs Pour r\u00e9duire les co\u00fbts de d\u00e9marrage Binc emploie des taux favorables pour les\u00a0auto-entrepreneurs &#8230;<\/p>\n","protected":false},"author":1,"featured_media":0,"parent":0,"menu_order":40,"comment_status":"closed","ping_status":"closed","template":"","meta":[],"_links":{"self":[{"href":"https:\/\/bincweb.nl\/fr\/wp-json\/wp\/v2\/pages\/15"}],"collection":[{"href":"https:\/\/bincweb.nl\/fr\/wp-json\/wp\/v2\/pages"}],"about":[{"href":"https:\/\/bincweb.nl\/fr\/wp-json\/wp\/v2\/types\/page"}],"author":[{"embeddable":true,"href":"https:\/\/bincweb.nl\/fr\/wp-json\/wp\/v2\/users\/1"}],"replies":[{"embeddable":true,"href":"https:\/\/bincweb.nl\/fr\/wp-json\/wp\/v2\/comments?post=15"}],"version-history":[{"count":19,"href":"https:\/\/bincweb.nl\/fr\/wp-json\/wp\/v2\/pages\/15\/revisions"}],"predecessor-version":[{"id":241,"href":"https:\/\/bincweb.nl\/fr\/wp-json\/wp\/v2\/pages\/15\/revisions\/241"}],"wp:attachment":[{"href":"https:\/\/bincweb.nl\/fr\/wp-json\/wp\/v2\/media?parent=15"}],"curies":[{"name":"wp","href":"https:\/\/api.w.org\/{rel}","templated":true}]}}