{"id":132,"date":"2012-10-14T19:36:03","date_gmt":"2012-10-14T17:36:03","guid":{"rendered":"http:\/\/bincweb.nl\/?page_id=132"},"modified":"2016-04-25T16:01:29","modified_gmt":"2016-04-25T14:01:29","slug":"overig","status":"publish","type":"page","link":"https:\/\/bincweb.nl\/fr\/portfolio\/overig\/","title":{"rendered":"Autre"},"content":{"rendered":"<p><\/p>\n<h4>Avez-vous une association, un projet ou un festival? Binc vous montre la voie \u00e0 une pr\u00e9sence Web efficace.<\/h4>\n<table>\n<tbody>\n<tr>\n<td style=\"text-align: left;\"><a href=\"http:\/\/bincweb.nl\/portfolio\/europacantat-nl-2\/\" rel=\"attachment wp-att-52\"><img decoding=\"async\" loading=\"lazy\" class=\"alignleft size-thumbnail wp-image-52\" title=\"europacantat.nl\" src=\"http:\/\/bincweb.nl\/wp-content\/uploads\/europacantat.nl_1-150x150.jpg\" alt=\"\" width=\"150\" height=\"150\" \/><\/a>Pour un <strong>festival de chant europ\u00e9enne<\/strong> avec des milliers de participants Binc a construit un syst\u00e8me d&rsquo;administration enti\u00e8rement Web avec des fonctionnalit\u00e9s interactives sur le site.<br \/>\n<br style=\"text-align: left;\" \/><em>Technique: Filemaker, php, mysql, JQuery, html, css<\/em><br \/>\n<br style=\"text-align: left;\" \/><a href=\"http:\/\/europacantat.nl\" target=\"_blank\">http:\/\/europacantat.nl<\/a><\/td>\n<\/tr>\n<tr>\n<td style=\"text-align: left;\"><a href=\"http:\/\/bincweb.nl\/portfolio\/titus1979-nubeter-nl\/\" rel=\"attachment wp-att-68\"><img decoding=\"async\" loading=\"lazy\" class=\"alignleft size-thumbnail wp-image-68\" title=\"titus1979.nubeter.nl\" src=\"http:\/\/bincweb.nl\/wp-content\/uploads\/titus1979.nubeter.nl_-150x150.jpg\" alt=\"\" width=\"150\" height=\"150\" \/><\/a>Un site Web interactif en pr\u00e9paration pour <strong>une r\u00e9union du\u00a0lyc\u00e9e<\/strong>.<strong><br style=\"text-align: left;\" \/> <\/strong><\/p>\n<address>Techni<em>que<\/em>: wordpress, php, mysql<\/address>\n<p><a href=\"http:\/\/titus1979.nubeter.nl\" target=\"_blank\">http:\/\/titus1979.nubeter.nl<\/a><\/td>\n<\/tr>\n<tr>\n<td style=\"text-align: left;\"><a href=\"http:\/\/bincweb.nl\/portfolio\/ranjaconcerten-nl-2\/\" rel=\"attachment wp-att-61\"><img decoding=\"async\" loading=\"lazy\" class=\"alignleft size-thumbnail wp-image-61\" title=\"ranjaconcerten.nl\" src=\"http:\/\/bincweb.nl\/wp-content\/uploads\/ranjaconcerten.nl_1-150x150.jpg\" alt=\"\" width=\"150\" height=\"150\" \/><\/a>Un site pour <strong>une groupe de musiciens<\/strong> qui joue\u00a0pour les enfants handicap\u00e9s mentaux.<\/p>\n<address>Techni<em>qu<\/em>e: Google sites<\/address>\n<p><a href=\"http:\/\/ranjaconcerten.nl\" target=\"_blank\">http:\/\/ranjaconcerten.nl<\/a><\/td>\n<\/tr>\n<tr>\n<td style=\"text-align: left;\"><a href=\"http:\/\/bincweb.nl\/portfolio\/closefocus-nl\/\" rel=\"attachment wp-att-46\"><img decoding=\"async\" loading=\"lazy\" class=\"alignleft size-thumbnail wp-image-46\" title=\"closefocus.nl\" src=\"http:\/\/bincweb.nl\/wp-content\/uploads\/closefocus.nl_-150x150.jpg\" alt=\"\" width=\"150\" height=\"150\" \/><\/a>Un\u00a0site avec\u00a0intranet pour\u00a0<strong>un\u00a0choeur \u00ab\u00a0close harmony\u00a0\u00bb<br style=\"text-align: left;\" \/> <\/strong><\/p>\n<address>Techni<em>que<\/em>: php, mysql, html, javascript, css<\/address>\n<p><a href=\"http:\/\/closefocus.nl\" target=\"_blank\">http:\/\/closefocus.nl<\/a><\/td>\n<\/tr>\n<\/tbody>\n<\/table>\n<p><\/p>","protected":false},"excerpt":{"rendered":"<p>Avez-vous une association, un projet ou un festival? Binc vous montre la voie \u00e0 une pr\u00e9sence Web efficace. Pour un festival de chant europ\u00e9enne avec des milliers de participants Binc a construit un syst\u00e8me d&rsquo;administration enti\u00e8rement Web avec des fonctionnalit\u00e9s interactives sur le site. Technique: Filemaker, php, mysql, JQuery, html, &#8230;<\/p>\n","protected":false},"author":1,"featured_media":0,"parent":15,"menu_order":60,"comment_status":"closed","ping_status":"open","template":"","meta":[],"_links":{"self":[{"href":"https:\/\/bincweb.nl\/fr\/wp-json\/wp\/v2\/pages\/132"}],"collection":[{"href":"https:\/\/bincweb.nl\/fr\/wp-json\/wp\/v2\/pages"}],"about":[{"href":"https:\/\/bincweb.nl\/fr\/wp-json\/wp\/v2\/types\/page"}],"author":[{"embeddable":true,"href":"https:\/\/bincweb.nl\/fr\/wp-json\/wp\/v2\/users\/1"}],"replies":[{"embeddable":true,"href":"https:\/\/bincweb.nl\/fr\/wp-json\/wp\/v2\/comments?post=132"}],"version-history":[{"count":16,"href":"https:\/\/bincweb.nl\/fr\/wp-json\/wp\/v2\/pages\/132\/revisions"}],"predecessor-version":[{"id":276,"href":"https:\/\/bincweb.nl\/fr\/wp-json\/wp\/v2\/pages\/132\/revisions\/276"}],"up":[{"embeddable":true,"href":"https:\/\/bincweb.nl\/fr\/wp-json\/wp\/v2\/pages\/15"}],"wp:attachment":[{"href":"https:\/\/bincweb.nl\/fr\/wp-json\/wp\/v2\/media?parent=132"}],"curies":[{"name":"wp","href":"https:\/\/api.w.org\/{rel}","templated":true}]}}