{"id":13,"date":"2012-10-13T23:53:41","date_gmt":"2012-10-13T21:53:41","guid":{"rendered":"http:\/\/bincweb.nl\/?page_id=13"},"modified":"2015-08-10T17:07:39","modified_gmt":"2015-08-10T15:07:39","slug":"websites","status":"publish","type":"page","link":"https:\/\/bincweb.nl\/fr\/websites\/","title":{"rendered":"Websites"},"content":{"rendered":"<p>Je peux vous aider \u00e0 cr\u00e9er votre site Web. Les possibilit\u00e9s sont infinies: \u00e9quip\u00e9 sonores, des animations ou vid\u00e9o, la messagerie instantan\u00e9e ou babillard ou avec des installations pour un groupe de discussion ou d&rsquo;une liste de diffusion. Tout cela est possible et je suis pr\u00eat \u00e0 consid\u00e9rer le sens et l&rsquo;absurdit\u00e9 de ces installations.<\/p>\n<p>SEO (Search Engine Optimization ou: <em>va Google vous trouver?<\/em>) est l&rsquo;un des aspects les plus importants d&rsquo;un site web de nos jours. Crucial ici est si le site est\u00a0bien sur un t\u00e9l\u00e9phone mobile. Ces deux subjets\u00a0seront abord\u00e9es dans les sites que je construis.<\/p>\n<p>Je me soucie pour la construction du site, mais je peux aussi l&rsquo;h\u00e9berger avec un fournisseur pour vous, y compris l&rsquo;application d&rsquo;une adresse Web personnelle.<br \/>\nDans tous les sites Binc vous aurez la possibilit\u00e9 de personnaliser et de g\u00e9rer le contenu, donc vous n&rsquo;\u00eates pas oblig\u00e9 de pr\u00e9ner un contrat de maintenance co\u00fbteux.<\/p>\n<p><a href=\"http:\/\/bincweb.nl\/portfolio\/\">Jetez un oeil \u00e0 projets d\u00e9j\u00e0 r\u00e9alis\u00e9s dans le portefeuille&#8230;<\/a><\/p>\n<p>Pour les initi\u00e9es: je d\u00e9veloppe avec PHP, Mysql, HTML, JQuery, CSS, Yii, Ruby on Rails, Java, WordPress, Drupal, Joomla, Cake, Filemaker, JSP, Perl en ASP.<\/p>","protected":false},"excerpt":{"rendered":"<p>Je peux vous aider \u00e0 cr\u00e9er votre site Web. Les possibilit\u00e9s sont infinies: \u00e9quip\u00e9 sonores, des animations ou vid\u00e9o, la messagerie instantan\u00e9e ou babillard ou avec des installations pour un groupe de discussion ou d&rsquo;une liste de diffusion. Tout cela est possible et je suis pr\u00eat \u00e0 consid\u00e9rer le sens &#8230;<\/p>\n","protected":false},"author":1,"featured_media":0,"parent":0,"menu_order":30,"comment_status":"closed","ping_status":"closed","template":"","meta":[],"_links":{"self":[{"href":"https:\/\/bincweb.nl\/fr\/wp-json\/wp\/v2\/pages\/13"}],"collection":[{"href":"https:\/\/bincweb.nl\/fr\/wp-json\/wp\/v2\/pages"}],"about":[{"href":"https:\/\/bincweb.nl\/fr\/wp-json\/wp\/v2\/types\/page"}],"author":[{"embeddable":true,"href":"https:\/\/bincweb.nl\/fr\/wp-json\/wp\/v2\/users\/1"}],"replies":[{"embeddable":true,"href":"https:\/\/bincweb.nl\/fr\/wp-json\/wp\/v2\/comments?post=13"}],"version-history":[{"count":12,"href":"https:\/\/bincweb.nl\/fr\/wp-json\/wp\/v2\/pages\/13\/revisions"}],"predecessor-version":[{"id":199,"href":"https:\/\/bincweb.nl\/fr\/wp-json\/wp\/v2\/pages\/13\/revisions\/199"}],"wp:attachment":[{"href":"https:\/\/bincweb.nl\/fr\/wp-json\/wp\/v2\/media?parent=13"}],"curies":[{"name":"wp","href":"https:\/\/api.w.org\/{rel}","templated":true}]}}