{"id":114,"date":"2012-10-14T17:27:13","date_gmt":"2012-10-14T15:27:13","guid":{"rendered":"http:\/\/bincweb.nl\/?page_id=114"},"modified":"2015-08-10T20:43:04","modified_gmt":"2015-08-10T18:43:04","slug":"welzijn","status":"publish","type":"page","link":"https:\/\/bincweb.nl\/fr\/portfolio\/welzijn\/","title":{"rendered":"ASBL"},"content":{"rendered":"<p><\/p>\n<h4>Surtout les organisations \u00e0 but non lucratif et avec un budget limit\u00e9 sont bienvenus \u00e0 Binc.<\/h4>\n<table>\n<tbody>\n<tr>\n<td style=\"text-align: left;\"><a href=\"http:\/\/bincweb.nl\/portfolio\/iskb-nl\/\" rel=\"attachment wp-att-56\"><img decoding=\"async\" loading=\"lazy\" class=\"alignleft size-thumbnail wp-image-56\" title=\"iskb.nl\" src=\"http:\/\/bincweb.nl\/wp-content\/uploads\/iskb.nl_-150x150.jpg\" alt=\"\" width=\"150\" height=\"150\" \/><\/a><strong>Syst\u00e8me d&rsquo;administration pour l&rsquo;enseignement des langues<\/strong>, acc\u00e8s web au base de donn\u00e9es pour diff\u00e9rents types d&rsquo;utilisateurs (enseignants, \u00e9tudiants, etc.)<br \/>\n<br style=\"text-align: left;\" \/><em>Technique: Yii, php, mysql, JQuery<\/em><br \/>\n<br style=\"text-align: left;\" \/><a href=\"http:\/\/taaldoetmeer.nl\" target=\"_blank\">http:\/\/taaldoetmeer.nl<\/a><\/td>\n<\/tr>\n<tr>\n<td style=\"text-align: left;\"><a href=\"http:\/\/bincweb.nl\/portfolio\/eetmee-nl\/\" rel=\"attachment wp-att-50\"><img decoding=\"async\" loading=\"lazy\" class=\"alignleft size-thumbnail wp-image-50\" title=\"eetmee.nl\" src=\"http:\/\/bincweb.nl\/wp-content\/uploads\/eetmee.nl_-150x150.jpg\" alt=\"\" width=\"150\" height=\"150\" \/><\/a>Un <strong>site d&rsquo;information<\/strong> pour une fondation qui favorise manger ensemble.<strong><br style=\"text-align: left;\" \/> <\/strong><\/p>\n<address>Technique: Drupal<\/address>\n<p><br style=\"text-align: left;\" \/> <a href=\"http:\/\/eetmee.nl\" target=\"_blank\">http:\/\/eetmee.nl<\/a><\/td>\n<\/tr>\n<tr>\n<td style=\"text-align: left;\"><a href=\"http:\/\/bincweb.nl\/portfolio\/mijn-ov-nl\/\" rel=\"attachment wp-att-58\"><img decoding=\"async\" loading=\"lazy\" class=\"alignleft size-thumbnail wp-image-58\" title=\"mijn-ov.nl\" src=\"http:\/\/bincweb.nl\/wp-content\/uploads\/mijn-ov.nl_-150x150.jpg\" alt=\"\" width=\"150\" height=\"150\" \/><\/a>Un site Web interactif pour<strong> communciation sur les transports publics<br \/>\n<\/strong><\/p>\n<address>Technique: php, mysql, html, javascript, css<\/address>\n<p><a href=\"http:\/\/mijn-ov.nl\" target=\"_blank\">http:\/\/mijn-ov.nl<\/a><\/td>\n<\/tr>\n<tr>\n<td style=\"text-align: left;\"><a href=\"http:\/\/bincweb.nl\/portfolio\/deslinger-nl\/\" rel=\"attachment wp-att-49\"><img decoding=\"async\" loading=\"lazy\" class=\"alignleft size-thumbnail wp-image-49\" title=\"deslinger.nl\" src=\"http:\/\/bincweb.nl\/wp-content\/uploads\/deslinger.nl_-150x150.jpg\" alt=\"\" width=\"150\" height=\"150\" \/><\/a><strong>Syst\u00e8me de correspondance<\/strong> pour l&rsquo;approvisionnement et la demande de l&rsquo;organisation sociale &lsquo;De Slinger&rsquo;<\/p>\n<address>Technique: php, mysql, html, css, javascript<\/address>\n<p><a href=\"http:\/\/deslinger.nl\" target=\"_blank\">http:\/\/deslinger.nl<\/a><\/td>\n<\/tr>\n<\/tbody>\n<\/table>\n<p><\/p>","protected":false},"excerpt":{"rendered":"<p>Surtout les organisations \u00e0 but non lucratif et avec un budget limit\u00e9 sont bienvenus \u00e0 Binc. Syst\u00e8me d&rsquo;administration pour l&rsquo;enseignement des langues, acc\u00e8s web au base de donn\u00e9es pour diff\u00e9rents types d&rsquo;utilisateurs (enseignants, \u00e9tudiants, etc.) Technique: Yii, php, mysql, JQuery http:\/\/taaldoetmeer.nl Un site d&rsquo;information pour une fondation qui favorise manger &#8230;<\/p>\n","protected":false},"author":1,"featured_media":0,"parent":15,"menu_order":50,"comment_status":"closed","ping_status":"open","template":"","meta":[],"_links":{"self":[{"href":"https:\/\/bincweb.nl\/fr\/wp-json\/wp\/v2\/pages\/114"}],"collection":[{"href":"https:\/\/bincweb.nl\/fr\/wp-json\/wp\/v2\/pages"}],"about":[{"href":"https:\/\/bincweb.nl\/fr\/wp-json\/wp\/v2\/types\/page"}],"author":[{"embeddable":true,"href":"https:\/\/bincweb.nl\/fr\/wp-json\/wp\/v2\/users\/1"}],"replies":[{"embeddable":true,"href":"https:\/\/bincweb.nl\/fr\/wp-json\/wp\/v2\/comments?post=114"}],"version-history":[{"count":25,"href":"https:\/\/bincweb.nl\/fr\/wp-json\/wp\/v2\/pages\/114\/revisions"}],"predecessor-version":[{"id":249,"href":"https:\/\/bincweb.nl\/fr\/wp-json\/wp\/v2\/pages\/114\/revisions\/249"}],"up":[{"embeddable":true,"href":"https:\/\/bincweb.nl\/fr\/wp-json\/wp\/v2\/pages\/15"}],"wp:attachment":[{"href":"https:\/\/bincweb.nl\/fr\/wp-json\/wp\/v2\/media?parent=114"}],"curies":[{"name":"wp","href":"https:\/\/api.w.org\/{rel}","templated":true}]}}