{"id":107,"date":"2012-10-14T17:08:23","date_gmt":"2012-10-14T15:08:23","guid":{"rendered":"http:\/\/bincweb.nl\/?page_id=107"},"modified":"2016-04-25T15:54:34","modified_gmt":"2016-04-25T13:54:34","slug":"onderwijs-en-wetenschap","status":"publish","type":"page","link":"https:\/\/bincweb.nl\/fr\/portfolio\/onderwijs-en-wetenschap\/","title":{"rendered":"Education et science"},"content":{"rendered":"<p><\/p>\n<h4>Binc poss\u00e8de une vaste exp\u00e9rience dans le monde de l\u2019\u00e9ducation et de la science.<\/h4>\n<table>\n<tbody>\n<tr>\n<td style=\"text-align: left;\"><a href=\"http:\/\/bincweb.nl\/portfolio\/www-cwi-nl\/\" rel=\"attachment wp-att-71\"><img decoding=\"async\" loading=\"lazy\" class=\"alignleft size-thumbnail wp-image-71\" title=\"www.cwi.nl\" src=\"http:\/\/bincweb.nl\/wp-content\/uploads\/www.cwi_.nl_-150x150.jpg\" alt=\"\" width=\"150\" height=\"150\" \/><\/a>Renouvellement du site web de la principale Centre de Math\u00e9matiques et Informatique a Amsterdam<\/p>\n<p><em>Technique: Drupal<\/em><\/p>\n<p><a href=\"http:\/\/www.cwi.nl\" target=\"_blank\">http:\/\/www.cwi.nl<\/a><\/td>\n<\/tr>\n<tr>\n<td style=\"text-align: left;\"><a href=\"http:\/\/bincweb.nl\/portfolio\/neww-huygens-knaw-nl\/\" rel=\"attachment wp-att-59\"><img decoding=\"async\" loading=\"lazy\" class=\"alignleft size-thumbnail wp-image-59\" title=\"neww.huygens.knaw.nl\" src=\"http:\/\/bincweb.nl\/wp-content\/uploads\/neww.huygens.knaw_.nl_-150x150.jpg\" alt=\"\" width=\"150\" height=\"150\" \/><\/a>Un base de donn\u00e9es de l&rsquo;\u00e9tude de la litt\u00e9rature f\u00e9minin<\/p>\n<address>Technique: ruby on rails<\/address>\n<p><a href=\"http:\/\/neww.huygens.knaw.nl\" target=\"_blank\">http:\/\/neww.huygens.knaw.nl<\/a><\/td>\n<\/tr>\n<tr>\n<td style=\"text-align: left;\"><a href=\"http:\/\/bincweb.nl\/portfolio\/stageslerarenopleiding-uu-nl\/\" rel=\"attachment wp-att-66\"><img decoding=\"async\" loading=\"lazy\" class=\"alignleft size-thumbnail wp-image-66\" title=\"stageslerarenopleiding.uu.nl\" src=\"http:\/\/bincweb.nl\/wp-content\/uploads\/stageslerarenopleiding.uu_.nl_-150x150.jpg\" alt=\"\" width=\"150\" height=\"150\" \/><\/a>Un syst\u00e8me d&rsquo;administration de stage pour le Centre d&rsquo;enseignement et de l&rsquo;apprentissage de l&rsquo;Universit\u00e9 d&rsquo;Utrecht, Pays-Bas<\/p>\n<address>Technique: php, mysql, html, css, javascript<\/address>\n<p><a href=\"http:\/\/stageslerarenopleiding.uu.nl\" target=\"_blank\">http:\/\/stageslerarenopleiding.uu.nl<\/a><\/td>\n<\/tr>\n<tr>\n<td style=\"text-align: left;\"><a href=\"http:\/\/bincweb.nl\/portfolio\/costwwih-net\/\" rel=\"attachment wp-att-47\"><img decoding=\"async\" loading=\"lazy\" class=\"alignleft size-thumbnail wp-image-47\" title=\"costwwih.net\" src=\"http:\/\/bincweb.nl\/wp-content\/uploads\/costwwih.net_-150x150.jpg\" alt=\"\" width=\"150\" height=\"150\" \/><\/a>Un site web pour un projet de recherche europ\u00e9en<strong><br style=\"text-align: left;\" \/> <\/strong><\/p>\n<address>Technique: Google sites<\/address>\n<p><a href=\"http:\/\/costwwih.net\" target=\"_blank\">http:\/\/costwwih.net<\/a><\/td>\n<\/tr>\n<tr>\n<td style=\"text-align: left;\"><a href=\"http:\/\/bincweb.nl\/portfolio\/upstage-uu-nl\/\" rel=\"attachment wp-att-69\"><img decoding=\"async\" loading=\"lazy\" class=\"alignleft size-thumbnail wp-image-69\" title=\"upstage.uu.nl\" src=\"http:\/\/bincweb.nl\/wp-content\/uploads\/upstage.uu_.nl_-150x150.jpg\" alt=\"\" width=\"150\" height=\"150\" \/><\/a>Un syst\u00e8me d&rsquo;administration de stage pour le departement\u00a0de Pharmacie de l&rsquo;Universit\u00e9 d&rsquo;Utrecht, Pays-Bas<\/p>\n<address>Technique: Yii, php, mysql, jQuery, css<\/address>\n<p><a href=\"http:\/\/upstage.uu.nl\" target=\"_blank\">http:\/\/upstage.uu.nl<\/a><\/td>\n<\/tr>\n<tr>\n<td style=\"text-align: left;\"><a href=\"http:\/\/bincweb.nl\/portfolio\/daanthoomes-nl\/\" rel=\"attachment wp-att-48\"><img decoding=\"async\" loading=\"lazy\" class=\"alignleft size-thumbnail wp-image-48\" title=\"daanthoomes.nl\" src=\"http:\/\/bincweb.nl\/wp-content\/uploads\/daanthoomes.nl_-150x150.jpg\" alt=\"\" width=\"150\" height=\"150\" \/><\/a>Une revue de la litt\u00e9rature d&rsquo;un rechercheur en\u00a0pedagogique<\/p>\n<address>Technique: Google sites<\/address>\n<p><a href=\"http:\/\/daanthoomes.nl\" target=\"_blank\">http:\/\/daanthoomes.nl<\/a><\/td>\n<\/tr>\n<\/tbody>\n<\/table>\n<p><\/p>","protected":false},"excerpt":{"rendered":"<p>Binc poss\u00e8de une vaste exp\u00e9rience dans le monde de l\u2019\u00e9ducation et de la science. Renouvellement du site web de la principale Centre de Math\u00e9matiques et Informatique a Amsterdam Technique: Drupal http:\/\/www.cwi.nl Un base de donn\u00e9es de l&rsquo;\u00e9tude de la litt\u00e9rature f\u00e9minin Technique: ruby on rails http:\/\/neww.huygens.knaw.nl Un syst\u00e8me d&rsquo;administration de &#8230;<\/p>\n","protected":false},"author":1,"featured_media":0,"parent":15,"menu_order":40,"comment_status":"closed","ping_status":"open","template":"","meta":[],"_links":{"self":[{"href":"https:\/\/bincweb.nl\/fr\/wp-json\/wp\/v2\/pages\/107"}],"collection":[{"href":"https:\/\/bincweb.nl\/fr\/wp-json\/wp\/v2\/pages"}],"about":[{"href":"https:\/\/bincweb.nl\/fr\/wp-json\/wp\/v2\/types\/page"}],"author":[{"embeddable":true,"href":"https:\/\/bincweb.nl\/fr\/wp-json\/wp\/v2\/users\/1"}],"replies":[{"embeddable":true,"href":"https:\/\/bincweb.nl\/fr\/wp-json\/wp\/v2\/comments?post=107"}],"version-history":[{"count":13,"href":"https:\/\/bincweb.nl\/fr\/wp-json\/wp\/v2\/pages\/107\/revisions"}],"predecessor-version":[{"id":275,"href":"https:\/\/bincweb.nl\/fr\/wp-json\/wp\/v2\/pages\/107\/revisions\/275"}],"up":[{"embeddable":true,"href":"https:\/\/bincweb.nl\/fr\/wp-json\/wp\/v2\/pages\/15"}],"wp:attachment":[{"href":"https:\/\/bincweb.nl\/fr\/wp-json\/wp\/v2\/media?parent=107"}],"curies":[{"name":"wp","href":"https:\/\/api.w.org\/{rel}","templated":true}]}}