{"id":103,"date":"2012-10-14T16:48:10","date_gmt":"2012-10-14T14:48:10","guid":{"rendered":"http:\/\/bincweb.nl\/?page_id=103"},"modified":"2016-01-08T20:10:40","modified_gmt":"2016-01-08T19:10:40","slug":"midden-en-kleinbedrijf","status":"publish","type":"page","link":"https:\/\/bincweb.nl\/fr\/portfolio\/midden-en-kleinbedrijf\/","title":{"rendered":"Petites et moyennes entreprises"},"content":{"rendered":"<p><\/p>\n<h4>Une solution professionnelle pour la pr\u00e9sentation de votre entreprise sur le web.<\/h4>\n<table>\n<tbody>\n<tr>\n<td style=\"text-align: left;\"><a href=\"http:\/\/bincweb.nl\/portfolio\/sinestra-ch-2\/\" rel=\"attachment wp-att-65\"><img decoding=\"async\" loading=\"lazy\" class=\"alignleft size-thumbnail wp-image-65\" title=\"sinestra.ch\" src=\"http:\/\/bincweb.nl\/wp-content\/uploads\/sinestra.ch_1-150x150.jpg\" alt=\"\" width=\"150\" height=\"150\" \/><\/a>Un site Internet pour <strong>un h\u00f4tel magnifique\u00a0en Suisse<\/strong><\/p>\n<address>Technique: wordpress<\/address>\n<p><a href=\"http:\/\/sinestra.ch\" target=\"_blank\">http:\/\/sinestra.ch<\/a><\/td>\n<\/tr>\n<tr>\n<td style=\"text-align: left;\"><a href=\"http:\/\/bincweb.nl\/portfolio\/acquimedia-nl\/\" rel=\"attachment wp-att-37\"><img decoding=\"async\" loading=\"lazy\" class=\"alignleft size-thumbnail wp-image-37\" title=\"acquimedia.nl\" src=\"http:\/\/bincweb.nl\/wp-content\/uploads\/acquimedia.nl_-150x150.jpg\" alt=\"\" width=\"150\" height=\"150\" \/><\/a>Un site web pour un <strong>\u00e9diteur<\/strong><\/p>\n<address>Technique: html en css<\/address>\n<p><a href=\"http:\/\/acquimedia.nl\" target=\"_blank\">http:\/\/acquimedia.nl<\/a><\/td>\n<\/tr>\n<tr>\n<td style=\"text-align: left;\"><a href=\"http:\/\/bincweb.nl\/portfolio\/chaletmolenhuis-nl\/\" rel=\"attachment wp-att-45\"><img decoding=\"async\" loading=\"lazy\" class=\"alignleft size-thumbnail wp-image-45\" title=\"chaletmolenhuis.nl\" src=\"http:\/\/bincweb.nl\/wp-content\/uploads\/chaletmolenhuis.nl_-150x150.jpg\" alt=\"\" width=\"150\" height=\"150\" \/><\/a>Un site web avec un syst\u00e8me de gestion de contenu pour <strong>la location d&rsquo;un chalet<\/strong> en Suisse<\/p>\n<address>Technique: php, mysql<\/address>\n<p><a href=\"http:\/\/chaletmolenhuis.nl\" target=\"_blank\">http:\/\/chaletmolenhuis.nl<\/a><\/td>\n<\/tr>\n<tr>\n<td style=\"text-align: left;\"><a href=\"http:\/\/bincweb.nl\/portfolio\/beunbakken-nl\/\" rel=\"attachment wp-att-43\"><img decoding=\"async\" loading=\"lazy\" class=\"alignleft size-thumbnail wp-image-43\" title=\"beunbakken.nl\" src=\"http:\/\/bincweb.nl\/wp-content\/uploads\/beunbakken.nl_-150x150.jpg\" alt=\"\" width=\"150\" height=\"150\" \/><\/a>Un petit syst\u00e8me de gestion de contenu pour <strong>une entreprise de location\u00a0des barges<\/strong><\/p>\n<address>Technique: php, mysql<\/address>\n<p><a href=\"http:\/\/www.beunbakken.nl\/?setlang=fr\" target=\"_blank\">http:\/\/beunbakken.nl<\/a><\/td>\n<\/tr>\n<tr>\n<td style=\"text-align: left;\"><a href=\"http:\/\/bincweb.nl\/portfolio\/allegra-engiadina-ch\/\" rel=\"attachment wp-att-38\"><img decoding=\"async\" loading=\"lazy\" class=\"alignleft size-thumbnail wp-image-38\" title=\"allegra-engiadina.ch\" src=\"http:\/\/bincweb.nl\/wp-content\/uploads\/allegra-engiadina.ch_-150x150.jpg\" alt=\"\" width=\"150\" height=\"150\" \/><\/a>Un site web pour <strong>une entreprise de bus<\/strong> en Suisse<\/p>\n<address>Technique: wordpress<\/address>\n<p><a href=\"http:\/\/allegra-engiadina.ch\" target=\"_blank\">http:\/\/allegra-engiadina.ch<\/a><\/td>\n<\/tr>\n<tr>\n<td style=\"text-align: left;\"><a href=\"http:\/\/bincweb.nl\/portfolio\/scheepvaartvriendenddh-nl\/\" rel=\"attachment wp-att-63\"><img decoding=\"async\" loading=\"lazy\" class=\"alignleft size-thumbnail wp-image-63\" title=\"scheepvaartvriendenddh.nl\" src=\"http:\/\/bincweb.nl\/wp-content\/uploads\/scheepvaartvriendenddh.nl_-150x150.jpg\" alt=\"\" width=\"150\" height=\"150\" \/><\/a>Une page web pour les <strong>sponsors d&rsquo;un club de tennis<\/strong><\/p>\n<address>Technique: html, css<\/address>\n<p><a href=\"http:\/\/scheepvaartvriendenddh.nl\" target=\"_blank\">http:\/\/scheepvaartvriendenddh.nl<\/a><\/td>\n<\/tr>\n<tr>\n<td style=\"text-align: left;\"><a href=\"http:\/\/bincweb.nl\/portfolio\/theaterexpress-nl\/\" rel=\"attachment wp-att-67\"><img decoding=\"async\" loading=\"lazy\" class=\"alignleft size-thumbnail wp-image-67\" title=\"theaterexpress.nl\" src=\"http:\/\/bincweb.nl\/wp-content\/uploads\/theaterexpress.nl_-150x150.jpg\" alt=\"\" width=\"150\" height=\"150\" \/><\/a>Un site web avec syst\u00e8me de gestion de contenu pour le<strong> th\u00e9\u00e2tre<\/strong><\/p>\n<address>Technique: php, mysql, html, css<\/address>\n<p><a href=\"http:\/\/theaterexpress.nl\" target=\"_blank\">http:\/\/theaterexpress.nl<\/a><\/td>\n<\/tr>\n<tr>\n<td style=\"text-align: left;\"><a href=\"http:\/\/bincweb.nl\/portfolio\/workpatch-nl\/\" rel=\"attachment wp-att-70\"><img decoding=\"async\" loading=\"lazy\" class=\"alignleft size-thumbnail wp-image-70\" title=\"workpatch.nl\" src=\"http:\/\/bincweb.nl\/wp-content\/uploads\/workpatch.nl_-150x150.jpg\" alt=\"\" width=\"150\" height=\"150\" \/><\/a>Un site web avec un syst\u00e8me de gestion de contenu pour une <strong>agence de travail temporaire<br \/>\n<\/strong><\/p>\n<address>Technique: php, mysql, html, css<\/address>\n<p><a href=\"http:\/\/workpatch.nl\" target=\"_blank\">http:\/\/workpatch.nl<\/a><\/td>\n<\/tr>\n<\/tbody>\n<\/table>\n<p><\/p>","protected":false},"excerpt":{"rendered":"<p>Une solution professionnelle pour la pr\u00e9sentation de votre entreprise sur le web. Un site Internet pour un h\u00f4tel magnifique\u00a0en Suisse Technique: wordpress http:\/\/sinestra.ch Un site web pour un \u00e9diteur Technique: html en css http:\/\/acquimedia.nl Un site web avec un syst\u00e8me de gestion de contenu pour la location d&rsquo;un chalet en &#8230;<\/p>\n","protected":false},"author":1,"featured_media":0,"parent":15,"menu_order":30,"comment_status":"closed","ping_status":"open","template":"","meta":[],"_links":{"self":[{"href":"https:\/\/bincweb.nl\/fr\/wp-json\/wp\/v2\/pages\/103"}],"collection":[{"href":"https:\/\/bincweb.nl\/fr\/wp-json\/wp\/v2\/pages"}],"about":[{"href":"https:\/\/bincweb.nl\/fr\/wp-json\/wp\/v2\/types\/page"}],"author":[{"embeddable":true,"href":"https:\/\/bincweb.nl\/fr\/wp-json\/wp\/v2\/users\/1"}],"replies":[{"embeddable":true,"href":"https:\/\/bincweb.nl\/fr\/wp-json\/wp\/v2\/comments?post=103"}],"version-history":[{"count":13,"href":"https:\/\/bincweb.nl\/fr\/wp-json\/wp\/v2\/pages\/103\/revisions"}],"predecessor-version":[{"id":273,"href":"https:\/\/bincweb.nl\/fr\/wp-json\/wp\/v2\/pages\/103\/revisions\/273"}],"up":[{"embeddable":true,"href":"https:\/\/bincweb.nl\/fr\/wp-json\/wp\/v2\/pages\/15"}],"wp:attachment":[{"href":"https:\/\/bincweb.nl\/fr\/wp-json\/wp\/v2\/media?parent=103"}],"curies":[{"name":"wp","href":"https:\/\/api.w.org\/{rel}","templated":true}]}}